{"id":9,"date":"2024-01-19T14:12:14","date_gmt":"2024-01-19T13:12:14","guid":{"rendered":"https:\/\/djbat.de\/hochzeit\/?page_id=9"},"modified":"2025-05-27T12:59:04","modified_gmt":"2025-05-27T10:59:04","slug":"impressum","status":"publish","type":"page","link":"https:\/\/djbat.de\/hochzeit\/impressum\/","title":{"rendered":"Impressum"},"content":{"rendered":"<p><img decoding=\"async\" src=\"\/hochzeit\/wp-content\/uploads\/sites\/2\/2024\/01\/djbat-logov2.png\" alt=\"\"><\/p>\n<p>\n    <a href=\"\/hochzeit\">zur\u00fcck zur Startseite<\/a>\n<\/p>\n<hr>\n<h1>Impressum<\/h1>\n<h3>Angaben gem\u00e4\u00df \u00a7 5 TMG<\/h3>\n<h4>WEBSEITENBETREIBER<\/h4>\n<div>\n<p>DJ Bat <br \/>Christian Batoukonou <br \/>Marie-V\u00f6gtlin-Weg 46<br \/>12205 Berlin<\/p>\n<p>Telefon: +49 173 61 41 408 <br \/>E-Mail: contact@djbat.de <br \/>Homepage: www.djbat.de<\/p>\n<\/div>\n<h4>Urheberrechtlicher Hinweis:<\/h4>\n<div>\n<p>Bilder der Startseite, Dienstleistung Privatpersonen &amp; Unternehmen und des Impressums unterliegen der https:\/\/creativecommons.org\/publicdomain\/zero\/1.0\/ CC0 1.0 Universal (CC0 1.0) Public Domain Dedication<\/p>\n<p>Quelle der Bilder: https:\/\/yootheme.com\/ YOOtheme, https:\/\/unsplash.com Unsplash<\/p>\n<p>Teile der visuellen Inhalte dieser Seite, die von mir selbst erstellt wurden, unterliegen meinem pers\u00f6nlichen Urheberrecht.<\/p>\n<\/div>\n<h4>Verbraucherinformation:<\/h4>\n<div>\n<p>Online-Streitbeilegung gem\u00e4\u00df Art. 14 Abs. 1 ODR-VO: Die Europ\u00e4ische Kommission stellt eine Plattform zur Online-Streitbeilegung (OS) bereit, die Sie hier finden: https:\/\/ec.europa.eu\/consumers\/odr<\/p>\n<\/div>\n<h4>Haftungsausschluss\/Haftungshinweise:<\/h4>\n<div>\n<p>Die Inhalte unseres Internetauftritts wurden durch Christian Batoukonou mit Sorgfalt und bestem Gewissen erstellt und unterliegen deutschem Urheberrecht. Die Vervielf\u00e4ltigung, Bearbeitung, Verbreitung und jede Art der Verwertung au\u00dferhalb der Grenzen des Urheberrechtes bed\u00fcrfen der schriftlichen Zustimmung von Christian Batoukonou. F\u00fcr die Vollst\u00e4ndigkeit, Richtigkeit und Aktualit\u00e4t der Inhalte wird keine Gew\u00e4hr \u00fcbernommen. Die Webseite enth\u00e4lt unter Umst\u00e4nden Links zu externen Webseiten Dritter, auf deren Inhalt Christian Batoukonou keinen Einfluss hat. Aus diesem Grunde kann auch f\u00fcr diese fremden Inhalte keine Gew\u00e4hr \u00fcbernommen werden. F\u00fcr die Inhalte und Richtigkeit der verlinkten Seiten und Informationen ist stets der Betreiber oder Anbieter der Seiten verantwortlich.<\/p>\n<\/div>\n<h4>DESIGN &amp; TECHNISCHE UMSETZUNG:<\/h4>\n<div>\n<p>Webseiten Architekt<br \/>Franz Dienwiebel<\/p>\n<p>E-Mail:<span>\u00a0<\/span><a href=\"mailto:info@webseiten-architekt.de\"><span>info@webseiten-architekt.de<\/span><br \/><\/a><span>Homepage:\u00a0<\/span><a href=\"https:\/\/webseiten-architekt.de\/?utm_source=DjBat&amp;utm_medium=Impressum+Hochzeitsseite&amp;utm_campaign=Kundenwebsite\">www.webseiten-architekt.de<\/a><span>\u00a0<\/span><\/p>\n<\/div>\n<p><!--more--><br \/>\n<!-- {\"type\":\"layout\",\"children\":[{\"type\":\"section\",\"props\":{\"image_position\":\"center-center\",\"style\":\"default\",\"title_breakpoint\":\"xl\",\"title_position\":\"top-left\",\"title_rotation\":\"left\",\"vertical_align\":\"\",\"width\":\"default\"},\"children\":[{\"type\":\"row\",\"children\":[{\"type\":\"column\",\"props\":{\"image_position\":\"center-center\",\"position_sticky_breakpoint\":\"m\"},\"children\":[{\"type\":\"image\",\"props\":{\"image\":\"wp-content\\\/uploads\\\/sites\\\/2\\\/2024\\\/01\\\/djbat-logov2.png\",\"image_svg_color\":\"emphasis\",\"image_width\":\"250\",\"margin\":\"default\",\"text_align\":\"center\"}},{\"type\":\"button\",\"props\":{\"grid_column_gap\":\"small\",\"grid_row_gap\":\"small\",\"margin\":\"large\",\"text_align\":\"center\"},\"children\":[{\"type\":\"button_item\",\"props\":{\"button_style\":\"default\",\"content\":\"zur\\u00fcck zur Startseite\",\"icon\":\"arrow-left\",\"icon_align\":\"left\",\"link\":\"\\\/hochzeit\"}}]},{\"type\":\"divider\",\"props\":{\"divider_element\":\"hr\"}}]}]}]},{\"type\":\"section\",\"props\":{\"image_position\":\"center-center\",\"style\":\"default\",\"title_breakpoint\":\"xl\",\"title_position\":\"top-left\",\"title_rotation\":\"left\",\"vertical_align\":\"\",\"width\":\"default\"},\"children\":[{\"type\":\"row\",\"children\":[{\"type\":\"column\",\"props\":{\"image_position\":\"center-center\",\"position_sticky_breakpoint\":\"m\"},\"children\":[{\"type\":\"headline\",\"props\":{\"content\":\"Impressum\",\"title_element\":\"h1\"},\"name\":\"Impressum\"},{\"type\":\"headline\",\"props\":{\"content\":\"Angaben gem\\u00e4\\u00df \\u00a7 5 TMG\",\"title_element\":\"h3\"},\"name\":\"Angaben gem\\u00e4\\u00df \\u00a7 5 TMG\"}]}]}]},{\"type\":\"section\",\"props\":{\"image_position\":\"center-center\",\"style\":\"default\",\"title_breakpoint\":\"xl\",\"title_position\":\"top-left\",\"title_rotation\":\"left\",\"vertical_align\":\"\",\"width\":\"default\"},\"children\":[{\"type\":\"row\",\"children\":[{\"type\":\"column\",\"props\":{\"image_position\":\"center-center\",\"position_sticky_breakpoint\":\"m\",\"width_medium\":\"1-2\"},\"children\":[{\"type\":\"headline\",\"props\":{\"content\":\"WEBSEITENBETREIBER\",\"title_element\":\"h4\"},\"name\":\"Webseitenbetreiber\"}]},{\"type\":\"column\",\"props\":{\"image_position\":\"center-center\",\"position_sticky_breakpoint\":\"m\",\"width_medium\":\"1-2\"},\"children\":[{\"type\":\"text\",\"props\":{\"column_breakpoint\":\"m\",\"content\":\"\n\n<p>DJ Bat <br \\\/>Christian Batoukonou <br \\\/>Marie-V\\u00f6gtlin-Weg 46<br \\\/>12205 Berlin<\\\/p>\\n\n\n<p>Telefon: +49 173 61 41 408 <br \\\/>E-Mail: contact@djbat.de <br \\\/>Homepage: www.djbat.de<\\\/p>\",\"margin\":\"default\"}}]}],\"props\":{\"layout\":\"1-2,1-2\"}}]},{\"type\":\"section\",\"props\":{\"image_position\":\"center-center\",\"style\":\"default\",\"title_breakpoint\":\"xl\",\"title_position\":\"top-left\",\"title_rotation\":\"left\",\"vertical_align\":\"\",\"width\":\"default\"},\"children\":[{\"type\":\"row\",\"children\":[{\"type\":\"column\",\"props\":{\"image_position\":\"center-center\",\"position_sticky_breakpoint\":\"m\",\"width_medium\":\"1-2\"},\"children\":[{\"type\":\"headline\",\"props\":{\"content\":\"Urheberrechtlicher Hinweis:\",\"title_element\":\"h4\"},\"name\":\"Urheberrechtlicher Hinweis:\"}]},{\"type\":\"column\",\"props\":{\"image_position\":\"center-center\",\"position_sticky_breakpoint\":\"m\",\"width_medium\":\"1-2\"},\"children\":[{\"type\":\"text\",\"props\":{\"column_breakpoint\":\"m\",\"content\":\"\n\n<p>Bilder der Startseite, Dienstleistung Privatpersonen &amp; Unternehmen und des Impressums unterliegen der https:\\\/\\\/creativecommons.org\\\/publicdomain\\\/zero\\\/1.0\\\/ CC0 1.0 Universal (CC0 1.0) Public Domain Dedication<\\\/p>\\n\n\n<p>Quelle der Bilder: https:\\\/\\\/yootheme.com\\\/ YOOtheme, https:\\\/\\\/unsplash.com Unsplash<\\\/p>\\n\n\n<p>Teile der visuellen Inhalte dieser Seite, die von mir selbst erstellt wurden, unterliegen meinem pers\\u00f6nlichen Urheberrecht.<\\\/p>\\n\",\"margin\":\"default\"}}]}],\"props\":{\"layout\":\"1-2,1-2\"}}]},{\"type\":\"section\",\"props\":{\"image_position\":\"center-center\",\"style\":\"default\",\"title_breakpoint\":\"xl\",\"title_position\":\"top-left\",\"title_rotation\":\"left\",\"vertical_align\":\"\",\"width\":\"default\"},\"children\":[{\"type\":\"row\",\"children\":[{\"type\":\"column\",\"props\":{\"image_position\":\"center-center\",\"position_sticky_breakpoint\":\"m\",\"width_medium\":\"1-2\"},\"children\":[{\"type\":\"headline\",\"props\":{\"content\":\"Verbraucherinformation:\",\"title_element\":\"h4\"},\"name\":\"Verbraucherinformation:\"}]},{\"type\":\"column\",\"props\":{\"image_position\":\"center-center\",\"position_sticky_breakpoint\":\"m\",\"width_medium\":\"1-2\"},\"children\":[{\"type\":\"text\",\"props\":{\"column_breakpoint\":\"m\",\"content\":\"\n\n<p>Online-Streitbeilegung gem\\u00e4\\u00df Art. 14 Abs. 1 ODR-VO: Die Europ\\u00e4ische Kommission stellt eine Plattform zur Online-Streitbeilegung (OS) bereit, die Sie hier finden: https:\\\/\\\/ec.europa.eu\\\/consumers\\\/odr<\\\/p>\",\"margin\":\"default\"}}]}],\"props\":{\"layout\":\"1-2,1-2\"}}]},{\"type\":\"section\",\"props\":{\"image_position\":\"center-center\",\"style\":\"default\",\"title_breakpoint\":\"xl\",\"title_position\":\"top-left\",\"title_rotation\":\"left\",\"vertical_align\":\"\",\"width\":\"default\"},\"children\":[{\"type\":\"row\",\"children\":[{\"type\":\"column\",\"props\":{\"image_position\":\"center-center\",\"position_sticky_breakpoint\":\"m\",\"width_medium\":\"1-2\"},\"children\":[{\"type\":\"headline\",\"props\":{\"content\":\"Haftungsausschluss\\\/Haftungshinweise:\",\"title_element\":\"h4\"},\"name\":\"Haftungsausschluss\\\/Haftungshinweise:\"}]},{\"type\":\"column\",\"props\":{\"image_position\":\"center-center\",\"position_sticky_breakpoint\":\"m\",\"width_medium\":\"1-2\"},\"children\":[{\"type\":\"text\",\"props\":{\"column_breakpoint\":\"m\",\"content\":\"\n\n<p>Die Inhalte unseres Internetauftritts wurden durch Christian Batoukonou mit Sorgfalt und bestem Gewissen erstellt und unterliegen deutschem Urheberrecht. Die Vervielf\\u00e4ltigung, Bearbeitung, Verbreitung und jede Art der Verwertung au\\u00dferhalb der Grenzen des Urheberrechtes bed\\u00fcrfen der schriftlichen Zustimmung von Christian Batoukonou. F\\u00fcr die Vollst\\u00e4ndigkeit, Richtigkeit und Aktualit\\u00e4t der Inhalte wird keine Gew\\u00e4hr \\u00fcbernommen. Die Webseite enth\\u00e4lt unter Umst\\u00e4nden Links zu externen Webseiten Dritter, auf deren Inhalt Christian Batoukonou keinen Einfluss hat. Aus diesem Grunde kann auch f\\u00fcr diese fremden Inhalte keine Gew\\u00e4hr \\u00fcbernommen werden. F\\u00fcr die Inhalte und Richtigkeit der verlinkten Seiten und Informationen ist stets der Betreiber oder Anbieter der Seiten verantwortlich.<\\\/p>\",\"margin\":\"default\",\"text_align\":\"justify\"}}]}],\"props\":{\"layout\":\"1-2,1-2\"}}]},{\"type\":\"section\",\"props\":{\"image_position\":\"center-center\",\"style\":\"default\",\"title_breakpoint\":\"xl\",\"title_position\":\"top-left\",\"title_rotation\":\"left\",\"vertical_align\":\"\",\"width\":\"default\"},\"children\":[{\"type\":\"row\",\"children\":[{\"type\":\"column\",\"props\":{\"image_position\":\"center-center\",\"position_sticky_breakpoint\":\"m\",\"width_medium\":\"1-2\"},\"children\":[{\"type\":\"headline\",\"props\":{\"content\":\"DESIGN &amp; TECHNISCHE UMSETZUNG:\",\"title_element\":\"h4\"},\"name\":\"Design und Erstellung\"}]},{\"type\":\"column\",\"props\":{\"image_position\":\"center-center\",\"position_sticky_breakpoint\":\"m\",\"width_medium\":\"1-2\"},\"children\":[{\"type\":\"text\",\"props\":{\"column_breakpoint\":\"m\",\"content\":\"\n\n<p>Webseiten Architekt<br \\\/>Franz Dienwiebel<\\\/p>\\n\n\n<p>E-Mail:<span>\\u00a0<\\\/span><a href=\\\"mailto:info@webseiten-architekt.de\\\"><span>info@webseiten-architekt.de<\\\/span><br \\\/><\\\/a><span>Homepage:\\u00a0<\\\/span><a href=\\\"https:\\\/\\\/webseiten-architekt.de\\\/?utm_source=DjBat&amp;utm_medium=Impressum+Hochzeitsseite&amp;utm_campaign=Kundenwebsite\\\">www.webseiten-architekt.de<\\\/a><span>\\u00a0<\\\/span><\\\/p>\",\"margin\":\"default\"}}]}],\"props\":{\"layout\":\"1-2,1-2\"}}]}],\"version\":\"4.4.8\"} --><\/p>\n","protected":false},"excerpt":{"rendered":"<p>zur\u00fcck zur Startseite Impressum Angaben gem\u00e4\u00df \u00a7 5 TMG WEBSEITENBETREIBER DJ Bat Christian Batoukonou Marie-V\u00f6gtlin-Weg 4612205 Berlin Telefon: +49 173 61 41 408 E-Mail: contact@djbat.de Homepage: www.djbat.de Urheberrechtlicher Hinweis: Bilder der Startseite, Dienstleistung Privatpersonen &amp; Unternehmen und des Impressums unterliegen der https:\/\/creativecommons.org\/publicdomain\/zero\/1.0\/ CC0 1.0 Universal (CC0 1.0) Public Domain Dedication Quelle der Bilder: https:\/\/yootheme.com\/ YOOtheme, [&hellip;]<\/p>\n","protected":false},"author":1,"featured_media":0,"parent":0,"menu_order":0,"comment_status":"closed","ping_status":"closed","template":"","meta":{"footnotes":""},"class_list":["post-9","page","type-page","status-publish","hentry"],"yoast_head":"<!-- This site is optimized with the Yoast SEO plugin v25.2 - https:\/\/yoast.com\/wordpress\/plugins\/seo\/ -->\n<title>Impressum - DJ Bat - Hochzeits-DJ<\/title>\n<meta name=\"robots\" content=\"index, follow, max-snippet:-1, max-image-preview:large, max-video-preview:-1\" \/>\n<link rel=\"canonical\" href=\"https:\/\/djbat.de\/hochzeit\/impressum\/\" \/>\n<meta property=\"og:locale\" content=\"de_DE\" \/>\n<meta property=\"og:type\" content=\"article\" \/>\n<meta property=\"og:title\" content=\"Impressum - DJ Bat - Hochzeits-DJ\" \/>\n<meta property=\"og:description\" content=\"zur\u00fcck zur Startseite Impressum Angaben gem\u00e4\u00df \u00a7 5 TMG WEBSEITENBETREIBER DJ Bat Christian Batoukonou Marie-V\u00f6gtlin-Weg 4612205 Berlin Telefon: +49 173 61 41 408 E-Mail: contact@djbat.de Homepage: www.djbat.de Urheberrechtlicher Hinweis: Bilder der Startseite, Dienstleistung Privatpersonen &amp; Unternehmen und des Impressums unterliegen der https:\/\/creativecommons.org\/publicdomain\/zero\/1.0\/ CC0 1.0 Universal (CC0 1.0) Public Domain Dedication Quelle der Bilder: https:\/\/yootheme.com\/ YOOtheme, [&hellip;]\" \/>\n<meta property=\"og:url\" content=\"https:\/\/djbat.de\/hochzeit\/impressum\/\" \/>\n<meta property=\"og:site_name\" content=\"DJ Bat - Hochzeits-DJ\" \/>\n<meta property=\"article:modified_time\" content=\"2025-05-27T10:59:04+00:00\" \/>\n<meta name=\"twitter:card\" content=\"summary_large_image\" \/>\n<meta name=\"twitter:label1\" content=\"Gesch\u00e4tzte Lesezeit\" \/>\n\t<meta name=\"twitter:data1\" content=\"1\u00a0Minute\" \/>\n<script type=\"application\/ld+json\" class=\"yoast-schema-graph\">{\"@context\":\"https:\/\/schema.org\",\"@graph\":[{\"@type\":\"WebPage\",\"@id\":\"https:\/\/djbat.de\/hochzeit\/impressum\/\",\"url\":\"https:\/\/djbat.de\/hochzeit\/impressum\/\",\"name\":\"Impressum - DJ Bat - Hochzeits-DJ\",\"isPartOf\":{\"@id\":\"https:\/\/djbat.de\/hochzeit\/#website\"},\"datePublished\":\"2024-01-19T13:12:14+00:00\",\"dateModified\":\"2025-05-27T10:59:04+00:00\",\"breadcrumb\":{\"@id\":\"https:\/\/djbat.de\/hochzeit\/impressum\/#breadcrumb\"},\"inLanguage\":\"de\",\"potentialAction\":[{\"@type\":\"ReadAction\",\"target\":[\"https:\/\/djbat.de\/hochzeit\/impressum\/\"]}]},{\"@type\":\"BreadcrumbList\",\"@id\":\"https:\/\/djbat.de\/hochzeit\/impressum\/#breadcrumb\",\"itemListElement\":[{\"@type\":\"ListItem\",\"position\":1,\"name\":\"Startseite\",\"item\":\"https:\/\/djbat.de\/hochzeit\/\"},{\"@type\":\"ListItem\",\"position\":2,\"name\":\"Impressum\"}]},{\"@type\":\"WebSite\",\"@id\":\"https:\/\/djbat.de\/hochzeit\/#website\",\"url\":\"https:\/\/djbat.de\/hochzeit\/\",\"name\":\"DJ Bat - Hochzeits-DJ\",\"description\":\"\",\"potentialAction\":[{\"@type\":\"SearchAction\",\"target\":{\"@type\":\"EntryPoint\",\"urlTemplate\":\"https:\/\/djbat.de\/hochzeit\/?s={search_term_string}\"},\"query-input\":{\"@type\":\"PropertyValueSpecification\",\"valueRequired\":true,\"valueName\":\"search_term_string\"}}],\"inLanguage\":\"de\"}]}<\/script>\n<!-- \/ Yoast SEO plugin. -->","yoast_head_json":{"title":"Impressum - DJ Bat - Hochzeits-DJ","robots":{"index":"index","follow":"follow","max-snippet":"max-snippet:-1","max-image-preview":"max-image-preview:large","max-video-preview":"max-video-preview:-1"},"canonical":"https:\/\/djbat.de\/hochzeit\/impressum\/","og_locale":"de_DE","og_type":"article","og_title":"Impressum - DJ Bat - Hochzeits-DJ","og_description":"zur\u00fcck zur Startseite Impressum Angaben gem\u00e4\u00df \u00a7 5 TMG WEBSEITENBETREIBER DJ Bat Christian Batoukonou Marie-V\u00f6gtlin-Weg 4612205 Berlin Telefon: +49 173 61 41 408 E-Mail: contact@djbat.de Homepage: www.djbat.de Urheberrechtlicher Hinweis: Bilder der Startseite, Dienstleistung Privatpersonen &amp; Unternehmen und des Impressums unterliegen der https:\/\/creativecommons.org\/publicdomain\/zero\/1.0\/ CC0 1.0 Universal (CC0 1.0) Public Domain Dedication Quelle der Bilder: https:\/\/yootheme.com\/ YOOtheme, [&hellip;]","og_url":"https:\/\/djbat.de\/hochzeit\/impressum\/","og_site_name":"DJ Bat - Hochzeits-DJ","article_modified_time":"2025-05-27T10:59:04+00:00","twitter_card":"summary_large_image","twitter_misc":{"Gesch\u00e4tzte Lesezeit":"1\u00a0Minute"},"schema":{"@context":"https:\/\/schema.org","@graph":[{"@type":"WebPage","@id":"https:\/\/djbat.de\/hochzeit\/impressum\/","url":"https:\/\/djbat.de\/hochzeit\/impressum\/","name":"Impressum - DJ Bat - Hochzeits-DJ","isPartOf":{"@id":"https:\/\/djbat.de\/hochzeit\/#website"},"datePublished":"2024-01-19T13:12:14+00:00","dateModified":"2025-05-27T10:59:04+00:00","breadcrumb":{"@id":"https:\/\/djbat.de\/hochzeit\/impressum\/#breadcrumb"},"inLanguage":"de","potentialAction":[{"@type":"ReadAction","target":["https:\/\/djbat.de\/hochzeit\/impressum\/"]}]},{"@type":"BreadcrumbList","@id":"https:\/\/djbat.de\/hochzeit\/impressum\/#breadcrumb","itemListElement":[{"@type":"ListItem","position":1,"name":"Startseite","item":"https:\/\/djbat.de\/hochzeit\/"},{"@type":"ListItem","position":2,"name":"Impressum"}]},{"@type":"WebSite","@id":"https:\/\/djbat.de\/hochzeit\/#website","url":"https:\/\/djbat.de\/hochzeit\/","name":"DJ Bat - Hochzeits-DJ","description":"","potentialAction":[{"@type":"SearchAction","target":{"@type":"EntryPoint","urlTemplate":"https:\/\/djbat.de\/hochzeit\/?s={search_term_string}"},"query-input":{"@type":"PropertyValueSpecification","valueRequired":true,"valueName":"search_term_string"}}],"inLanguage":"de"}]}},"_links":{"self":[{"href":"https:\/\/djbat.de\/hochzeit\/wp-json\/wp\/v2\/pages\/9","targetHints":{"allow":["GET"]}}],"collection":[{"href":"https:\/\/djbat.de\/hochzeit\/wp-json\/wp\/v2\/pages"}],"about":[{"href":"https:\/\/djbat.de\/hochzeit\/wp-json\/wp\/v2\/types\/page"}],"author":[{"embeddable":true,"href":"https:\/\/djbat.de\/hochzeit\/wp-json\/wp\/v2\/users\/1"}],"replies":[{"embeddable":true,"href":"https:\/\/djbat.de\/hochzeit\/wp-json\/wp\/v2\/comments?post=9"}],"version-history":[{"count":11,"href":"https:\/\/djbat.de\/hochzeit\/wp-json\/wp\/v2\/pages\/9\/revisions"}],"predecessor-version":[{"id":60,"href":"https:\/\/djbat.de\/hochzeit\/wp-json\/wp\/v2\/pages\/9\/revisions\/60"}],"wp:attachment":[{"href":"https:\/\/djbat.de\/hochzeit\/wp-json\/wp\/v2\/media?parent=9"}],"curies":[{"name":"wp","href":"https:\/\/api.w.org\/{rel}","templated":true}]}}