{"id":6,"date":"2024-01-19T14:11:55","date_gmt":"2024-01-19T13:11:55","guid":{"rendered":"https:\/\/djbat.de\/hochzeit\/?page_id=6"},"modified":"2024-10-03T13:33:16","modified_gmt":"2024-10-03T11:33:16","slug":"home","status":"publish","type":"page","link":"https:\/\/djbat.de\/hochzeit\/","title":{"rendered":"home"},"content":{"rendered":"<h1>Der sch\u00f6nste Tag in Ihrem Leben<\/h1>\n<h1>DJ Bat &#8211; Ihr Profi-DJ f\u00fcr Hochzeiten<\/h1>\n<h1>\n<p>Herzlich Willkommen, <br \/>mein Name ist Christian Batoukounou<\/p>\n<\/h1>\n<h2>Aka DVDJ Bat oder Dj Bat<\/h2>\n<h2>Jahrelange Erfahrung in der Hochzeitsunterhaltung<\/h2>\n<div>\n<p>&#8222;Musik ist die Sprache der Emotionen. An Ihrem Hochzeitstag, dem wohl bedeutendsten Tag Ihres Lebens, spielt die Musik eine entscheidende Rolle.<\/p>\n<p>Ich arbeite eng mit Ihnen zusammen, um Ihre Vorlieben, W\u00fcnsche und Stimmungen zu verstehen, um eine ma\u00dfgeschneiderte musikalische Reise zu gestalten, die Ihre Liebe feiert.<\/p>\n<\/div>\n<p><img decoding=\"async\" src=\"\/hochzeit\/wp-content\/uploads\/sites\/2\/2024\/01\/dj-bat-wedding-5-600.jpg\" alt=\"\"><\/p>\n<div>\n<p>Ihr Hochzeitstag soll unvergesslich sein, und ich bin hier, um sicherzustellen, dass die Musik den Soundtrack f\u00fcr Ihre Erinnerungen liefert. Von den sanften Kl\u00e4ngen w\u00e4hrend der Trauung bis zum pulsierenden Rhythmus auf der Tanzfl\u00e4che &#8211; jedes Lied wird mit Bedacht gew\u00e4hlt, um Sie und Ihre G\u00e4ste zu begeistern und Ihren Tag zu einem unvergesslichen Erlebnis zu machen.<\/p>\n<\/div>\n<p><img decoding=\"async\" src=\"\/hochzeit\/wp-content\/uploads\/sites\/2\/2024\/01\/dj-bat-wedding-10-600-v3.jpg\" alt=\"\"><\/p>\n<div>\n<p>Mit \u00fcber zwei Jahrzehnten Erfahrung als DJ habe ich nicht nur ein umfassendes musikalisches Verst\u00e4ndnis, sondern auch das Gesp\u00fcr, die perfekte Melodie f\u00fcr jeden Anlass zu finden. Lassen Sie mich Ihre Veranstaltung in eine unvergessliche musikalische Erfahrung verwandeln.<\/p>\n<\/div>\n<p><img decoding=\"async\" src=\"\/hochzeit\/wp-content\/uploads\/sites\/2\/2024\/01\/dj-bat-hochzeit.jpg\" alt=\"\"><\/p>\n<h3>DJ seit 1996<\/h3>\n<h1>Meine Eckdaten:<\/h1>\n<div>\n<p>Seit 1996 bin ich als DJ aktiv und habe meine Leidenschaft f\u00fcr Musik in verschiedenen Genres entwickelt. Angefangen habe ich mit Hip-Hop, R&amp;B und Dancehall, aber im Laufe der Jahre hat sich mein Repertoire erweitert und umfasst nun eine breite Vielfalt an Musikrichtungen, darunter:<\/p>\n<ul>\n<li><strong>Soul und Funk<\/strong><\/li>\n<li><strong>Musik von den 60ern bis heute<\/strong><\/li>\n<li><strong>Latin-Rhythmen <\/strong>(Reggaeton \u00fcber Dembow bis hin zu Salsa und Kizomba)<\/li>\n<li><strong>Urban, Pop und Charts<\/strong><\/li>\n<li><strong>House und Minimal<\/strong><\/li>\n<li><strong>Schlager<\/strong><\/li>\n<li><strong>Hip-Hop, Trap, R&amp;B, Dancehall:<\/strong> Die Beats und Rhymes, die die Tanzfl\u00e4che zum Beben bringen, sowie Deutsch Rap und Balkanmusik f\u00fcr die Liebhaber des Lokalen und Exotischen.<\/li>\n<\/ul>\n<\/div>\n<div>\n<p>Ich habe als Resident-DJ in zahlreichen Clubs gearbeitet und bin nach wie vor in diesem Bereich aktiv.<\/p>\n<p>Seit 15 Jahren bin ich auch als Hochzeits-DJ t\u00e4tig und habe in dieser Zeit wertvolle Erfahrungen bei Veranstaltungen mit 50 bis 200 G\u00e4sten gesammelt.<\/p>\n<p>Vor 10 Jahren habe ich begonnen, Firmenfeiern zu begleiten, wobei ich Events mit 70 bis 450 Teilnehmern unterhalte.<\/p>\n<p><span>Auch Abi-B\u00e4lle mit einer Teilnehmerzahl von 750 bis 1000 Sch\u00fclern und Geburtstagsfeiern f\u00fcr G\u00e4ste im Alter von 20 bis 60 Jahren geh\u00f6ren zu meinem Repertoire.<\/span><\/p>\n<p><span>Dar\u00fcber hinaus hatte ich das Vergn\u00fcgen, bei der Morning Show bei JamFm zu arbeiten.<\/span><\/p>\n<p><span>Ich verf\u00fcge \u00fcber meine eigene professionelle Ausr\u00fcstung sowohl f\u00fcr Ton als auch f\u00fcr Licht und biete zus\u00e4tzlich Video Mixing an.<\/span><\/p>\n<p><span>Des Weiteren kann ich mich in Deutsch, Franz\u00f6sisch und Englisch verst\u00e4ndigen.<\/span><\/p>\n<\/div>\n<h1>Kontakt<\/h1>\n<hr>\n<ul>\n<li><a href=\"https:\/\/www.twitch.tv\/DvDjBat\">twitch<\/a>\n<\/li>\n<li><a href=\"https:\/\/www.instagram.com\/dvdjbat\">instagram<\/a>\n<\/li>\n<li><a href=\"https:\/\/www.facebook.com\/dvdjbat\">facebook<\/a>\n<\/li>\n<li><a href=\"https:\/\/www.tiktok.com\/@dvdjbat?_t=8qEaNCI2sOf&#038;_r=1\">tiktok<\/a>\n<\/li>\n<\/ul>\n<p><!--more--><br \/>\n<!-- {\"type\":\"layout\",\"children\":[{\"type\":\"section\",\"props\":{\"animation\":\"fade\",\"animation_delay\":\"900\",\"header_transparent\":true,\"height\":\"viewport\",\"height_offset_top\":true,\"image\":\"wp-content\\\/uploads\\\/sites\\\/2\\\/2024\\\/01\\\/tisch-1-djbat-hochzeits-DJ.jpg\",\"image_effect\":\"fixed\",\"image_position\":\"center-center\",\"image_size\":\"cover\",\"media_overlay\":\"rgba(255, 255, 255, 0.75)\",\"style\":\"default\",\"text_color\":\"dark\",\"title_breakpoint\":\"xl\",\"title_position\":\"top-left\",\"title_rotation\":\"left\",\"vertical_align\":\"middle\",\"width\":\"default\"},\"children\":[{\"type\":\"row\",\"children\":[{\"type\":\"column\",\"props\":{\"image_position\":\"center-center\",\"position_sticky_breakpoint\":\"m\"},\"children\":[{\"type\":\"headline\",\"props\":{\"content\":\"Der sch\\u00f6nste Tag in Ihrem Leben\",\"text_align\":\"center\",\"title_element\":\"h1\",\"title_style\":\"heading-medium\"}},{\"type\":\"headline\",\"props\":{\"content\":\"DJ Bat - Ihr Profi-DJ f\\u00fcr Hochzeiten\",\"text_align\":\"center\",\"title_element\":\"h1\",\"title_style\":\"heading-small\"}}]}]}]},{\"type\":\"section\",\"props\":{\"image\":\"wp-content\\\/uploads\\\/sites\\\/2\\\/2024\\\/01\\\/background-with-rose-1.jpg\",\"image_position\":\"center-center\",\"image_size\":\"width-1-1\",\"media_overlay\":\"rgba(255, 255, 255, 0.71)\",\"style\":\"default\",\"title_breakpoint\":\"xl\",\"title_position\":\"top-left\",\"title_rotation\":\"left\",\"vertical_align\":\"\",\"width\":\"default\"},\"children\":[{\"type\":\"row\",\"children\":[{\"type\":\"column\",\"props\":{\"image_position\":\"center-center\",\"position_sticky_breakpoint\":\"m\"},\"children\":[{\"type\":\"headline\",\"props\":{\"content\":\"\n\n<p>Herzlich Willkommen, <br \\\/>mein Name ist Christian Batoukounou<\\\/p>\",\"margin\":\"remove-vertical\",\"margin_remove_bottom\":true,\"margin_remove_top\":true,\"title_element\":\"h1\",\"title_style\":\"h1\"},\"name\":\"Herzlich Willkommen\"},{\"type\":\"headline\",\"props\":{\"content\":\"Aka DVDJ Bat oder Dj Bat\",\"margin\":\"remove-vertical\",\"margin_remove_top\":true,\"title_element\":\"h2\",\"title_style\":\"h3\"},\"name\":\"Aka DVDJ Bat oder Dj Bat\"}]}]},{\"type\":\"row\",\"props\":{\"layout\":\"1-2,1-2\",\"margin\":\"large\"},\"children\":[{\"type\":\"column\",\"props\":{\"image_position\":\"center-center\",\"position_sticky_breakpoint\":\"m\",\"vertical_align\":\"middle\",\"width_medium\":\"1-2\"},\"children\":[{\"type\":\"headline\",\"props\":{\"content\":\"Jahrelange Erfahrung in der Hochzeitsunterhaltung\",\"margin\":\"small\",\"title_decoration\":\"bullet\",\"title_element\":\"h2\",\"title_style\":\"text-lead\"},\"name\":\"Jahrelange Erfahrung\"},{\"type\":\"text\",\"props\":{\"column_breakpoint\":\"m\",\"content\":\"\n\n<p>\\\"Musik ist die Sprache der Emotionen. An Ihrem Hochzeitstag, dem wohl bedeutendsten Tag Ihres Lebens, spielt die Musik eine entscheidende Rolle.<\\\/p>\\n\n\n<p>Ich arbeite eng mit Ihnen zusammen, um Ihre Vorlieben, W\\u00fcnsche und Stimmungen zu verstehen, um eine ma\\u00dfgeschneiderte musikalische Reise zu gestalten, die Ihre Liebe feiert.<\\\/p>\\n\",\"margin\":\"default\",\"text_align\":\"justify\"}}]},{\"type\":\"column\",\"props\":{\"image_position\":\"center-center\",\"position_sticky_breakpoint\":\"m\",\"width_medium\":\"1-2\"},\"children\":[{\"type\":\"image\",\"props\":{\"image\":\"wp-content\\\/uploads\\\/sites\\\/2\\\/2024\\\/01\\\/dj-bat-wedding-5-600.jpg\",\"image_border\":\"rounded\",\"image_box_shadow\":\"medium\",\"image_height\":\"550\",\"image_svg_color\":\"emphasis\",\"margin\":\"default\"}}]}]},{\"type\":\"row\",\"props\":{\"layout\":\"1-2,1-2\",\"margin\":\"large\"},\"children\":[{\"type\":\"column\",\"props\":{\"image_position\":\"center-center\",\"position_sticky_breakpoint\":\"m\",\"vertical_align\":\"middle\",\"width_medium\":\"1-2\"},\"children\":[{\"type\":\"text\",\"props\":{\"column_breakpoint\":\"m\",\"content\":\"\n\n<p>Ihr Hochzeitstag soll unvergesslich sein, und ich bin hier, um sicherzustellen, dass die Musik den Soundtrack f\\u00fcr Ihre Erinnerungen liefert. Von den sanften Kl\\u00e4ngen w\\u00e4hrend der Trauung bis zum pulsierenden Rhythmus auf der Tanzfl\\u00e4che - jedes Lied wird mit Bedacht gew\\u00e4hlt, um Sie und Ihre G\\u00e4ste zu begeistern und Ihren Tag zu einem unvergesslichen Erlebnis zu machen.<\\\/p>\",\"margin\":\"default\",\"text_align\":\"justify\"}}]},{\"type\":\"column\",\"props\":{\"image_position\":\"center-center\",\"order_first\":\"s\",\"position_sticky_breakpoint\":\"m\",\"vertical_align\":\"middle\",\"width_medium\":\"1-2\"},\"children\":[{\"type\":\"image\",\"props\":{\"image\":\"wp-content\\\/uploads\\\/sites\\\/2\\\/2024\\\/01\\\/dj-bat-wedding-10-600-v3.jpg\",\"image_border\":\"rounded\",\"image_box_shadow\":\"medium\",\"image_height\":\"550\",\"image_svg_color\":\"emphasis\",\"margin\":\"default\"}}]}]},{\"type\":\"row\",\"props\":{\"layout\":\"1-2,1-2\",\"margin\":\"large\"},\"children\":[{\"type\":\"column\",\"props\":{\"image_position\":\"center-center\",\"position_sticky_breakpoint\":\"m\",\"vertical_align\":\"middle\",\"width_medium\":\"1-2\"},\"children\":[{\"type\":\"text\",\"props\":{\"column_breakpoint\":\"m\",\"content\":\"\n\n<p>Mit \\u00fcber zwei Jahrzehnten Erfahrung als DJ habe ich nicht nur ein umfassendes musikalisches Verst\\u00e4ndnis, sondern auch das Gesp\\u00fcr, die perfekte Melodie f\\u00fcr jeden Anlass zu finden. Lassen Sie mich Ihre Veranstaltung in eine unvergessliche musikalische Erfahrung verwandeln.<\\\/p>\",\"margin\":\"default\",\"text_align\":\"justify\"}}]},{\"type\":\"column\",\"props\":{\"image_position\":\"center-center\",\"position_sticky_breakpoint\":\"m\",\"width_medium\":\"1-2\"},\"children\":[{\"type\":\"image\",\"props\":{\"image\":\"wp-content\\\/uploads\\\/sites\\\/2\\\/2024\\\/01\\\/dj-bat-hochzeit.jpg\",\"image_border\":\"rounded\",\"image_box_shadow\":\"medium\",\"image_height\":\"550\",\"image_svg_color\":\"emphasis\",\"margin\":\"default\"}}]}]}],\"name\":\"Herzlich Willkommen\"},{\"type\":\"section\",\"props\":{\"image_position\":\"center-center\",\"style\":\"primary\",\"title_breakpoint\":\"xl\",\"title_position\":\"top-left\",\"title_rotation\":\"left\",\"vertical_align\":\"\",\"width\":\"default\"},\"children\":[{\"type\":\"row\",\"props\":{\"layout\":\"1-2,1-2\"},\"children\":[{\"type\":\"column\",\"props\":{\"image_position\":\"center-center\",\"position_sticky_breakpoint\":\"m\",\"width_medium\":\"1-2\"},\"children\":[{\"type\":\"headline\",\"props\":{\"content\":\"DJ seit 1996\",\"margin\":\"small\",\"title_decoration\":\"bullet\",\"title_element\":\"h3\",\"title_style\":\"text-lead\"},\"name\":\"DJ seit 1996\"},{\"type\":\"headline\",\"props\":{\"content\":\"Meine Eckdaten:\",\"margin_remove_top\":true,\"title_element\":\"h1\"},\"name\":\"Meine Eckdaten:\"}]},{\"type\":\"column\",\"props\":{\"image_position\":\"center-center\",\"position_sticky_breakpoint\":\"m\",\"width_medium\":\"1-2\"}}]},{\"type\":\"row\",\"props\":{\"layout\":\"1-2,1-2\"},\"children\":[{\"type\":\"column\",\"props\":{\"image_position\":\"center-center\",\"position_sticky_breakpoint\":\"m\",\"width_medium\":\"1-2\"},\"children\":[{\"type\":\"text\",\"props\":{\"column_breakpoint\":\"m\",\"content\":\"\n\n<p>Seit 1996 bin ich als DJ aktiv und habe meine Leidenschaft f\\u00fcr Musik in verschiedenen Genres entwickelt. Angefangen habe ich mit Hip-Hop, R&amp;B und Dancehall, aber im Laufe der Jahre hat sich mein Repertoire erweitert und umfasst nun eine breite Vielfalt an Musikrichtungen, darunter:<\\\/p>\\n\n\n<ul>\\n\n\n<li><strong>Soul und Funk<\\\/strong><\\\/li>\\n\n\n<li><strong>Musik von den 60ern bis heute<\\\/strong><\\\/li>\\n\n\n<li><strong>Latin-Rhythmen <\\\/strong>(Reggaeton \\u00fcber Dembow bis hin zu Salsa und Kizomba)<\\\/li>\\n\n\n<li><strong>Urban, Pop und Charts<\\\/strong><\\\/li>\\n\n\n<li><strong>House und Minimal<\\\/strong><\\\/li>\\n\n\n<li><strong>Schlager<\\\/strong><\\\/li>\\n\n\n<li><strong>Hip-Hop, Trap, R&amp;B, Dancehall:<\\\/strong> Die Beats und Rhymes, die die Tanzfl\\u00e4che zum Beben bringen, sowie Deutsch Rap und Balkanmusik f\\u00fcr die Liebhaber des Lokalen und Exotischen.<\\\/li>\\n<\\\/ul>\",\"margin\":\"default\"}}]},{\"type\":\"column\",\"props\":{\"image_position\":\"center-center\",\"position_sticky_breakpoint\":\"m\",\"width_medium\":\"1-2\"},\"children\":[{\"type\":\"text\",\"props\":{\"column_breakpoint\":\"m\",\"content\":\"\n\n<p>Ich habe als Resident-DJ in zahlreichen Clubs gearbeitet und bin nach wie vor in diesem Bereich aktiv.<\\\/p>\\n\n\n<p>Seit 15 Jahren bin ich auch als Hochzeits-DJ t\\u00e4tig und habe in dieser Zeit wertvolle Erfahrungen bei Veranstaltungen mit 50 bis 200 G\\u00e4sten gesammelt.<\\\/p>\\n\n\n<p>Vor 10 Jahren habe ich begonnen, Firmenfeiern zu begleiten, wobei ich Events mit 70 bis 450 Teilnehmern unterhalte.<\\\/p>\\n\n\n<p><span>Auch Abi-B\\u00e4lle mit einer Teilnehmerzahl von 750 bis 1000 Sch\\u00fclern und Geburtstagsfeiern f\\u00fcr G\\u00e4ste im Alter von 20 bis 60 Jahren geh\\u00f6ren zu meinem Repertoire.<\\\/span><\\\/p>\\n\n\n<p><span>Dar\\u00fcber hinaus hatte ich das Vergn\\u00fcgen, bei der Morning Show bei JamFm zu arbeiten.<\\\/span><\\\/p>\\n\n\n<p><span>Ich verf\\u00fcge \\u00fcber meine eigene professionelle Ausr\\u00fcstung sowohl f\\u00fcr Ton als auch f\\u00fcr Licht und biete zus\\u00e4tzlich Video Mixing an.<\\\/span><\\\/p>\\n\n\n<p><span>Des Weiteren kann ich mich in Deutsch, Franz\\u00f6sisch und Englisch verst\\u00e4ndigen.<\\\/span><\\\/p>\",\"margin\":\"default\"}}]}]}],\"name\":\"Meine Eckdaten\"},{\"type\":\"section\",\"props\":{\"image_position\":\"center-center\",\"style\":\"default\",\"title_breakpoint\":\"xl\",\"title_position\":\"top-left\",\"title_rotation\":\"left\",\"vertical_align\":\"\",\"width\":\"default\"},\"children\":[{\"type\":\"row\",\"children\":[{\"type\":\"column\",\"props\":{\"image_position\":\"center-center\",\"position_sticky_breakpoint\":\"m\"},\"children\":[{\"type\":\"headline\",\"props\":{\"block_align\":\"center\",\"content\":\"Kontakt\",\"maxwidth\":\"2xlarge\",\"title_element\":\"h1\"}},{\"type\":\"module\",\"props\":{\"block_align\":\"center\",\"maxwidth\":\"2xlarge\",\"menu_image_align\":\"center\",\"menu_image_margin\":true,\"menu_style\":\"default\",\"menu_type\":\"nav\",\"text_align\":\"left\",\"type\":\"ninja_forms_widget\",\"widget\":\"ninja_forms_widget-2\"}}]}]}],\"name\":\"Kontakt\"},{\"type\":\"section\",\"props\":{\"image_position\":\"center-center\",\"style\":\"default\",\"title_breakpoint\":\"xl\",\"title_position\":\"top-left\",\"title_rotation\":\"left\",\"vertical_align\":\"\",\"width\":\"default\"},\"children\":[{\"type\":\"row\",\"children\":[{\"type\":\"column\",\"props\":{\"image_position\":\"center-center\",\"position_sticky_breakpoint\":\"m\"},\"children\":[{\"type\":\"divider\",\"props\":{\"block_align\":\"center\",\"divider_element\":\"hr\",\"maxwidth\":\"large\"}},{\"type\":\"social\",\"props\":{\"grid\":\"horizontal\",\"grid_column_gap\":\"\",\"grid_row_gap\":\"\",\"icon_width\":\"50\",\"image_height\":\"50\",\"image_svg_inline\":true,\"image_width\":\"50\",\"link_style\":\"\",\"link_target\":true,\"margin\":\"default\",\"text_align\":\"center\"},\"children\":[{\"type\":\"social_item\",\"props\":{\"link\":\"https:\\\/\\\/www.twitch.tv\\\/DvDjBat\"}},{\"type\":\"social_item\",\"props\":{\"link\":\"https:\\\/\\\/www.instagram.com\\\/dvdjbat\"}},{\"type\":\"social_item\",\"props\":{\"link\":\"https:\\\/\\\/www.facebook.com\\\/dvdjbat\"}},{\"type\":\"social_item\",\"props\":{\"link\":\"https:\\\/\\\/www.tiktok.com\\\/@dvdjbat?_t=8qEaNCI2sOf&_r=1\"}}]}]}]}]}],\"version\":\"4.4.8\"} --><\/p>\n","protected":false},"excerpt":{"rendered":"<p>Der sch\u00f6nste Tag in Ihrem Leben DJ Bat &#8211; Ihr Profi-DJ f\u00fcr Hochzeiten Herzlich Willkommen, mein Name ist Christian Batoukounou Aka DVDJ Bat oder Dj Bat Jahrelange Erfahrung in der Hochzeitsunterhaltung &#8222;Musik ist die Sprache der Emotionen. An Ihrem Hochzeitstag, dem wohl bedeutendsten Tag Ihres Lebens, spielt die Musik eine entscheidende Rolle. Ich arbeite eng [&hellip;]<\/p>\n","protected":false},"author":1,"featured_media":0,"parent":0,"menu_order":0,"comment_status":"closed","ping_status":"closed","template":"","meta":{"footnotes":""},"class_list":["post-6","page","type-page","status-publish","hentry"],"yoast_head":"<!-- This site is optimized with the Yoast SEO plugin v25.2 - https:\/\/yoast.com\/wordpress\/plugins\/seo\/ -->\n<title>home - DJ Bat - Hochzeits-DJ<\/title>\n<meta name=\"robots\" content=\"index, follow, max-snippet:-1, max-image-preview:large, max-video-preview:-1\" \/>\n<link rel=\"canonical\" href=\"https:\/\/djbat.de\/hochzeit\/\" \/>\n<meta property=\"og:locale\" content=\"de_DE\" \/>\n<meta property=\"og:type\" content=\"article\" \/>\n<meta property=\"og:title\" content=\"home - DJ Bat - Hochzeits-DJ\" \/>\n<meta property=\"og:description\" content=\"Der sch\u00f6nste Tag in Ihrem Leben DJ Bat &#8211; Ihr Profi-DJ f\u00fcr Hochzeiten Herzlich Willkommen, mein Name ist Christian Batoukounou Aka DVDJ Bat oder Dj Bat Jahrelange Erfahrung in der Hochzeitsunterhaltung &#8222;Musik ist die Sprache der Emotionen. An Ihrem Hochzeitstag, dem wohl bedeutendsten Tag Ihres Lebens, spielt die Musik eine entscheidende Rolle. Ich arbeite eng [&hellip;]\" \/>\n<meta property=\"og:url\" content=\"https:\/\/djbat.de\/hochzeit\/\" \/>\n<meta property=\"og:site_name\" content=\"DJ Bat - Hochzeits-DJ\" \/>\n<meta property=\"article:modified_time\" content=\"2024-10-03T11:33:16+00:00\" \/>\n<meta name=\"twitter:card\" content=\"summary_large_image\" \/>\n<meta name=\"twitter:label1\" content=\"Gesch\u00e4tzte Lesezeit\" \/>\n\t<meta name=\"twitter:data1\" content=\"2\u00a0Minuten\" \/>\n<script type=\"application\/ld+json\" class=\"yoast-schema-graph\">{\"@context\":\"https:\/\/schema.org\",\"@graph\":[{\"@type\":\"WebPage\",\"@id\":\"https:\/\/djbat.de\/hochzeit\/\",\"url\":\"https:\/\/djbat.de\/hochzeit\/\",\"name\":\"home - DJ Bat - Hochzeits-DJ\",\"isPartOf\":{\"@id\":\"https:\/\/djbat.de\/hochzeit\/#website\"},\"datePublished\":\"2024-01-19T13:11:55+00:00\",\"dateModified\":\"2024-10-03T11:33:16+00:00\",\"breadcrumb\":{\"@id\":\"https:\/\/djbat.de\/hochzeit\/#breadcrumb\"},\"inLanguage\":\"de\",\"potentialAction\":[{\"@type\":\"ReadAction\",\"target\":[\"https:\/\/djbat.de\/hochzeit\/\"]}]},{\"@type\":\"BreadcrumbList\",\"@id\":\"https:\/\/djbat.de\/hochzeit\/#breadcrumb\",\"itemListElement\":[{\"@type\":\"ListItem\",\"position\":1,\"name\":\"Startseite\",\"item\":\"https:\/\/djbat.de\/hochzeit\/\"},{\"@type\":\"ListItem\",\"position\":2,\"name\":\"home\"}]},{\"@type\":\"WebSite\",\"@id\":\"https:\/\/djbat.de\/hochzeit\/#website\",\"url\":\"https:\/\/djbat.de\/hochzeit\/\",\"name\":\"DJ Bat - Hochzeits-DJ\",\"description\":\"\",\"potentialAction\":[{\"@type\":\"SearchAction\",\"target\":{\"@type\":\"EntryPoint\",\"urlTemplate\":\"https:\/\/djbat.de\/hochzeit\/?s={search_term_string}\"},\"query-input\":{\"@type\":\"PropertyValueSpecification\",\"valueRequired\":true,\"valueName\":\"search_term_string\"}}],\"inLanguage\":\"de\"}]}<\/script>\n<!-- \/ Yoast SEO plugin. -->","yoast_head_json":{"title":"home - DJ Bat - Hochzeits-DJ","robots":{"index":"index","follow":"follow","max-snippet":"max-snippet:-1","max-image-preview":"max-image-preview:large","max-video-preview":"max-video-preview:-1"},"canonical":"https:\/\/djbat.de\/hochzeit\/","og_locale":"de_DE","og_type":"article","og_title":"home - DJ Bat - Hochzeits-DJ","og_description":"Der sch\u00f6nste Tag in Ihrem Leben DJ Bat &#8211; Ihr Profi-DJ f\u00fcr Hochzeiten Herzlich Willkommen, mein Name ist Christian Batoukounou Aka DVDJ Bat oder Dj Bat Jahrelange Erfahrung in der Hochzeitsunterhaltung &#8222;Musik ist die Sprache der Emotionen. An Ihrem Hochzeitstag, dem wohl bedeutendsten Tag Ihres Lebens, spielt die Musik eine entscheidende Rolle. Ich arbeite eng [&hellip;]","og_url":"https:\/\/djbat.de\/hochzeit\/","og_site_name":"DJ Bat - Hochzeits-DJ","article_modified_time":"2024-10-03T11:33:16+00:00","twitter_card":"summary_large_image","twitter_misc":{"Gesch\u00e4tzte Lesezeit":"2\u00a0Minuten"},"schema":{"@context":"https:\/\/schema.org","@graph":[{"@type":"WebPage","@id":"https:\/\/djbat.de\/hochzeit\/","url":"https:\/\/djbat.de\/hochzeit\/","name":"home - DJ Bat - Hochzeits-DJ","isPartOf":{"@id":"https:\/\/djbat.de\/hochzeit\/#website"},"datePublished":"2024-01-19T13:11:55+00:00","dateModified":"2024-10-03T11:33:16+00:00","breadcrumb":{"@id":"https:\/\/djbat.de\/hochzeit\/#breadcrumb"},"inLanguage":"de","potentialAction":[{"@type":"ReadAction","target":["https:\/\/djbat.de\/hochzeit\/"]}]},{"@type":"BreadcrumbList","@id":"https:\/\/djbat.de\/hochzeit\/#breadcrumb","itemListElement":[{"@type":"ListItem","position":1,"name":"Startseite","item":"https:\/\/djbat.de\/hochzeit\/"},{"@type":"ListItem","position":2,"name":"home"}]},{"@type":"WebSite","@id":"https:\/\/djbat.de\/hochzeit\/#website","url":"https:\/\/djbat.de\/hochzeit\/","name":"DJ Bat - Hochzeits-DJ","description":"","potentialAction":[{"@type":"SearchAction","target":{"@type":"EntryPoint","urlTemplate":"https:\/\/djbat.de\/hochzeit\/?s={search_term_string}"},"query-input":{"@type":"PropertyValueSpecification","valueRequired":true,"valueName":"search_term_string"}}],"inLanguage":"de"}]}},"_links":{"self":[{"href":"https:\/\/djbat.de\/hochzeit\/wp-json\/wp\/v2\/pages\/6","targetHints":{"allow":["GET"]}}],"collection":[{"href":"https:\/\/djbat.de\/hochzeit\/wp-json\/wp\/v2\/pages"}],"about":[{"href":"https:\/\/djbat.de\/hochzeit\/wp-json\/wp\/v2\/types\/page"}],"author":[{"embeddable":true,"href":"https:\/\/djbat.de\/hochzeit\/wp-json\/wp\/v2\/users\/1"}],"replies":[{"embeddable":true,"href":"https:\/\/djbat.de\/hochzeit\/wp-json\/wp\/v2\/comments?post=6"}],"version-history":[{"count":12,"href":"https:\/\/djbat.de\/hochzeit\/wp-json\/wp\/v2\/pages\/6\/revisions"}],"predecessor-version":[{"id":56,"href":"https:\/\/djbat.de\/hochzeit\/wp-json\/wp\/v2\/pages\/6\/revisions\/56"}],"wp:attachment":[{"href":"https:\/\/djbat.de\/hochzeit\/wp-json\/wp\/v2\/media?parent=6"}],"curies":[{"name":"wp","href":"https:\/\/api.w.org\/{rel}","templated":true}]}}